{"id":14514,"date":"2021-10-09T14:35:43","date_gmt":"2021-10-09T14:35:43","guid":{"rendered":"https:\/\/savyonluxuryhomes.co.il\/?page_id=14514"},"modified":"2026-04-14T09:07:54","modified_gmt":"2026-04-14T09:07:54","slug":"contact-us-fr","status":"publish","type":"page","link":"https:\/\/www.savyonluxuryhomes.co.il\/fr\/contact-us-fr\/","title":{"rendered":"Contact us fr"},"content":{"rendered":"\t\t<div data-elementor-type=\"wp-post\" data-elementor-id=\"14514\" class=\"elementor elementor-14514\" data-elementor-post-type=\"page\">\n\t\t\t\t\t\t<section class=\"elementor-section elementor-top-section elementor-element elementor-element-c4a2e78 elementor-section-height-min-height elementor-section-boxed elementor-section-height-default elementor-section-items-middle\" data-id=\"c4a2e78\" data-element_type=\"section\" data-settings=\"{&quot;background_background&quot;:&quot;classic&quot;}\">\n\t\t\t\t\t\t\t<div class=\"elementor-background-overlay\"><\/div>\n\t\t\t\t\t\t\t<div class=\"elementor-container elementor-column-gap-default\">\n\t\t\t\t\t<div class=\"elementor-column elementor-col-100 elementor-top-column elementor-element elementor-element-4617c95\" data-id=\"4617c95\" data-element_type=\"column\">\n\t\t\t<div class=\"elementor-widget-wrap elementor-element-populated\">\n\t\t\t\t\t\t<div class=\"elementor-element elementor-element-e91da42 elementor-widget elementor-widget-heading\" data-id=\"e91da42\" data-element_type=\"widget\" data-widget_type=\"heading.default\">\n\t\t\t\t<div class=\"elementor-widget-container\">\n\t\t\t<h2 class=\"elementor-heading-title elementor-size-default\">Contact Us<\/h2>\t\t<\/div>\n\t\t\t\t<\/div>\n\t\t\t\t<div class=\"elementor-element elementor-element-c920a9d elementor-align-center elementor-widget elementor-widget-breadcrumbs\" data-id=\"c920a9d\" data-element_type=\"widget\" data-widget_type=\"breadcrumbs.default\">\n\t\t\t\t<div class=\"elementor-widget-container\">\n\t\t\t<p id=\"breadcrumbs\"><span><span><a href=\"https:\/\/www.savyonluxuryhomes.co.il\/\">\u05d3\u05e3 \u05d4\u05d1\u05d9\u05ea<\/a><\/span><\/span><\/p>\t\t<\/div>\n\t\t\t\t<\/div>\n\t\t\t\t\t<\/div>\n\t\t<\/div>\n\t\t\t\t\t<\/div>\n\t\t<\/section>\n\t\t\t\t<section class=\"elementor-section elementor-top-section elementor-element elementor-element-138a41db elementor-section-boxed elementor-section-height-default elementor-section-height-default\" data-id=\"138a41db\" data-element_type=\"section\">\n\t\t\t\t\t\t<div class=\"elementor-container elementor-column-gap-default\">\n\t\t\t\t\t<div class=\"elementor-column elementor-col-100 elementor-top-column elementor-element elementor-element-224800d0\" data-id=\"224800d0\" data-element_type=\"column\">\n\t\t\t<div class=\"elementor-widget-wrap elementor-element-populated\">\n\t\t\t\t\t\t<div class=\"elementor-element elementor-element-f169465 elementor-widget elementor-widget-houzez_elementor_space\" data-id=\"f169465\" data-element_type=\"widget\" data-widget_type=\"houzez_elementor_space.default\">\n\t\t\t\t<div class=\"elementor-widget-container\">\n\t\t\t        <div class=\"houzez-spacer\">\n            <div class=\"houzez-spacer-inner\"><\/div>\n        <\/div>\n        \t\t<\/div>\n\t\t\t\t<\/div>\n\t\t\t\t\t<\/div>\n\t\t<\/div>\n\t\t\t\t\t<\/div>\n\t\t<\/section>\n\t\t\t\t<section class=\"elementor-section elementor-top-section elementor-element elementor-element-11670bd9 elementor-section-content-top animated-slow elementor-section-boxed elementor-section-height-default elementor-section-height-default elementor-invisible\" data-id=\"11670bd9\" data-element_type=\"section\" data-settings=\"{&quot;animation&quot;:&quot;fadeIn&quot;}\">\n\t\t\t\t\t\t<div class=\"elementor-container elementor-column-gap-default\">\n\t\t\t\t\t<div class=\"elementor-column elementor-col-50 elementor-top-column elementor-element elementor-element-646bf794\" data-id=\"646bf794\" data-element_type=\"column\" data-settings=\"{&quot;background_background&quot;:&quot;classic&quot;}\">\n\t\t\t<div class=\"elementor-widget-wrap elementor-element-populated\">\n\t\t\t\t\t\t<div class=\"elementor-element elementor-element-95bc68b elementor-widget elementor-widget-heading\" data-id=\"95bc68b\" data-element_type=\"widget\" data-widget_type=\"heading.default\">\n\t\t\t\t<div class=\"elementor-widget-container\">\n\t\t\t<h2 class=\"elementor-heading-title elementor-size-default\">We have a of luxurious homes that are not advertised on the site and are\nmarketed exclusively through us.\n<\/h2>\t\t<\/div>\n\t\t\t\t<\/div>\n\t\t\t\t<div class=\"elementor-element elementor-element-7752e45 elementor-widget elementor-widget-houzez_elementor_space\" data-id=\"7752e45\" data-element_type=\"widget\" data-widget_type=\"houzez_elementor_space.default\">\n\t\t\t\t<div class=\"elementor-widget-container\">\n\t\t\t        <div class=\"houzez-spacer\">\n            <div class=\"houzez-spacer-inner\"><\/div>\n        <\/div>\n        \t\t<\/div>\n\t\t\t\t<\/div>\n\t\t\t\t<div class=\"elementor-element elementor-element-64d7ff1 elementor-widget elementor-widget-heading\" data-id=\"64d7ff1\" data-element_type=\"widget\" data-widget_type=\"heading.default\">\n\t\t\t\t<div class=\"elementor-widget-container\">\n\t\t\t<h2 class=\"elementor-heading-title elementor-size-default\">For more information<\/h2>\t\t<\/div>\n\t\t\t\t<\/div>\n\t\t\t\t<div class=\"elementor-element elementor-element-20aea58 elementor-widget elementor-widget-houzez_elementor_space\" data-id=\"20aea58\" data-element_type=\"widget\" data-widget_type=\"houzez_elementor_space.default\">\n\t\t\t\t<div class=\"elementor-widget-container\">\n\t\t\t        <div class=\"houzez-spacer\">\n            <div class=\"houzez-spacer-inner\"><\/div>\n        <\/div>\n        \t\t<\/div>\n\t\t\t\t<\/div>\n\t\t\t\t<div class=\"elementor-element elementor-element-eacb25a elementor-button-align-stretch elementor-widget elementor-widget-form\" data-id=\"eacb25a\" data-element_type=\"widget\" data-settings=\"{&quot;button_width&quot;:&quot;33&quot;,&quot;step_next_label&quot;:&quot;Next&quot;,&quot;step_previous_label&quot;:&quot;Previous&quot;,&quot;step_type&quot;:&quot;number_text&quot;,&quot;step_icon_shape&quot;:&quot;circle&quot;}\" data-widget_type=\"form.default\">\n\t\t\t\t<div class=\"elementor-widget-container\">\n\t\t\t\t\t<form class=\"elementor-form\" method=\"post\" name=\"New Form\">\n\t\t\t<input type=\"hidden\" name=\"post_id\" value=\"14514\"\/>\n\t\t\t<input type=\"hidden\" name=\"form_id\" value=\"eacb25a\"\/>\n\t\t\t<input type=\"hidden\" name=\"referer_title\" value=\"Luxury homes in Savyon | Savyon De-botton\" \/>\n\n\t\t\t\n\t\t\t<div class=\"elementor-form-fields-wrapper elementor-labels-\">\n\t\t\t\t\t\t\t\t<div class=\"elementor-field-type-text elementor-field-group elementor-column elementor-field-group-name elementor-col-100\">\n\t\t\t\t\t\t\t\t\t\t\t\t<label for=\"form-field-name\" class=\"elementor-field-label elementor-screen-only\">\n\t\t\t\t\t\t\t\tName\t\t\t\t\t\t\t<\/label>\n\t\t\t\t\t\t\t\t\t\t\t\t\t\t<input size=\"1\" type=\"text\" name=\"form_fields[name]\" id=\"form-field-name\" class=\"elementor-field elementor-size-sm  elementor-field-textual\" placeholder=\"Name\">\n\t\t\t\t\t\t\t\t\t\t\t<\/div>\n\t\t\t\t\t\t\t\t<div class=\"elementor-field-type-tel elementor-field-group elementor-column elementor-field-group-field_dd1636a elementor-col-100 elementor-field-required\">\n\t\t\t\t\t\t\t\t\t\t\t\t<label for=\"form-field-field_dd1636a\" class=\"elementor-field-label elementor-screen-only\">\n\t\t\t\t\t\t\t\tPhone\t\t\t\t\t\t\t<\/label>\n\t\t\t\t\t\t\t\t<input size=\"1\" type=\"tel\" name=\"form_fields[field_dd1636a]\" id=\"form-field-field_dd1636a\" class=\"elementor-field elementor-size-sm  elementor-field-textual\" placeholder=\"Phone\" required=\"required\" aria-required=\"true\" pattern=\"[0-9()#&amp;+*-=.]+\" title=\"Seuls les caract\u00e8res de num\u00e9ros de t\u00e9l\u00e9phone (#, -, *, etc.) sont accept\u00e9s.\">\n\n\t\t\t\t\t\t<\/div>\n\t\t\t\t\t\t\t\t<div class=\"elementor-field-type-email elementor-field-group elementor-column elementor-field-group-field_bfe080a elementor-col-100\">\n\t\t\t\t\t\t\t\t\t\t\t\t<label for=\"form-field-field_bfe080a\" class=\"elementor-field-label elementor-screen-only\">\n\t\t\t\t\t\t\t\tEmail\t\t\t\t\t\t\t<\/label>\n\t\t\t\t\t\t\t\t\t\t\t\t\t\t<input size=\"1\" type=\"email\" name=\"form_fields[field_bfe080a]\" id=\"form-field-field_bfe080a\" class=\"elementor-field elementor-size-sm  elementor-field-textual\" placeholder=\"Email\">\n\t\t\t\t\t\t\t\t\t\t\t<\/div>\n\t\t\t\t\t\t\t\t<div class=\"elementor-field-type-textarea elementor-field-group elementor-column elementor-field-group-field_8977c5b elementor-col-100\">\n\t\t\t\t\t\t\t\t\t\t\t\t<label for=\"form-field-field_8977c5b\" class=\"elementor-field-label elementor-screen-only\">\n\t\t\t\t\t\t\t\tMessage\t\t\t\t\t\t\t<\/label>\n\t\t\t\t\t\t<textarea class=\"elementor-field-textual elementor-field  elementor-size-sm\" name=\"form_fields[field_8977c5b]\" id=\"form-field-field_8977c5b\" rows=\"4\" placeholder=\"Message\"><\/textarea>\t\t\t\t<\/div>\n\t\t\t\t\t\t\t\t<div class=\"elementor-field-type-recaptcha_v3 elementor-field-group elementor-column elementor-field-group-field_353e635 elementor-col-100 recaptcha_v3-bottomright\">\n\t\t\t\t\t<div class=\"elementor-field\" id=\"form-field-field_353e635\"><div class=\"elementor-g-recaptcha\" data-sitekey=\"6Lfiy7YsAAAAAJL8_2K6mNcNNNGwrU3fLig6qmcB\" data-type=\"v3\" data-action=\"Form\" data-badge=\"bottomright\" data-size=\"invisible\"><\/div><\/div>\t\t\t\t<\/div>\n\t\t\t\t\t\t\t\t<div class=\"elementor-field-group elementor-column elementor-field-type-submit elementor-col-33 e-form__buttons\">\n\t\t\t\t\t<button class=\"elementor-button elementor-size-sm elementor-animation-pulse\" type=\"submit\">\n\t\t\t\t\t\t<span class=\"elementor-button-content-wrapper\">\n\t\t\t\t\t\t\t\t\t\t\t\t\t\t\t\t\t\t\t\t\t\t<span class=\"elementor-button-text\">Send<\/span>\n\t\t\t\t\t\t\t\t\t\t\t\t\t<\/span>\n\t\t\t\t\t<\/button>\n\t\t\t\t<\/div>\n\t\t\t<\/div>\n\t\t<label class=\"apbct_special_field\" id=\"apbct_label_id95254\" for=\"apbct__email_id__elementor_form_95254\">95254<\/label><input\n            id=\"apbct__email_id__elementor_form_95254\"\n            class=\"apbct_special_field apbct__email_id__elementor_form\"\n            name=\"apbct__email_id__elementor_form_95254\"\n            type=\"text\" size=\"30\" maxlength=\"200\" autocomplete=\"off\"\n            value=\"95254\" apbct_event_id=\"95254\"\n            \/><input id=\"apbct_event_id_elementor_form_95254\"\n                class=\"apbct_special_field\" name=\"apbct_event_id\" type=\"hidden\" value=\"95254\" \/><\/form>\n\t\t\t\t<\/div>\n\t\t\t\t<\/div>\n\t\t\t\t\t<\/div>\n\t\t<\/div>\n\t\t\t\t<div class=\"elementor-column elementor-col-25 elementor-top-column elementor-element elementor-element-2d430f93\" data-id=\"2d430f93\" data-element_type=\"column\">\n\t\t\t<div class=\"elementor-widget-wrap\">\n\t\t\t\t\t\t\t<\/div>\n\t\t<\/div>\n\t\t\t\t<div class=\"elementor-column elementor-col-25 elementor-top-column elementor-element elementor-element-4bb6d2b6\" data-id=\"4bb6d2b6\" data-element_type=\"column\">\n\t\t\t<div class=\"elementor-widget-wrap elementor-element-populated\">\n\t\t\t\t\t\t<div class=\"elementor-element elementor-element-1b1a877 elementor-widget elementor-widget-image\" data-id=\"1b1a877\" data-element_type=\"widget\" data-widget_type=\"image.default\">\n\t\t\t\t<div class=\"elementor-widget-container\">\n\t\t\t\t\t\t\t\t\t\t\t\t\t<img decoding=\"async\" src=\"https:\/\/www.savyonluxuryhomes.co.il\/wp-content\/uploads\/2021\/11\/pic-2.jpg\" title=\"\" alt=\"\" class=\"elementor-animation-grow\" loading=\"lazy\" \/>\t\t\t\t\t\t\t\t\t\t\t\t\t<\/div>\n\t\t\t\t<\/div>\n\t\t\t\t<div class=\"elementor-element elementor-element-83608eb elementor-align-center elementor-mobile-align-center elementor-icon-list--layout-traditional elementor-list-item-link-full_width elementor-widget elementor-widget-icon-list\" data-id=\"83608eb\" data-element_type=\"widget\" data-widget_type=\"icon-list.default\">\n\t\t\t\t<div class=\"elementor-widget-container\">\n\t\t\t\t\t<ul class=\"elementor-icon-list-items\">\n\t\t\t\t\t\t\t<li class=\"elementor-icon-list-item\">\n\t\t\t\t\t\t\t\t\t\t\t<a href=\"tel:0544208607\">\n\n\t\t\t\t\t\t\t\t\t\t\t\t<span class=\"elementor-icon-list-icon\">\n\t\t\t\t\t\t\t<i aria-hidden=\"true\" class=\"fas fa-phone\"><\/i>\t\t\t\t\t\t<\/span>\n\t\t\t\t\t\t\t\t\t\t<span class=\"elementor-icon-list-text\">054-4208607<\/span>\n\t\t\t\t\t\t\t\t\t\t\t<\/a>\n\t\t\t\t\t\t\t\t\t<\/li>\n\t\t\t\t\t\t\t\t<li class=\"elementor-icon-list-item\">\n\t\t\t\t\t\t\t\t\t\t\t<a href=\"mailto:lior@shklarsh.com\">\n\n\t\t\t\t\t\t\t\t\t\t\t\t<span class=\"elementor-icon-list-icon\">\n\t\t\t\t\t\t\t<i aria-hidden=\"true\" class=\"far fa-envelope\"><\/i>\t\t\t\t\t\t<\/span>\n\t\t\t\t\t\t\t\t\t\t<span class=\"elementor-icon-list-text\">lior@shklarsh.com<\/span>\n\t\t\t\t\t\t\t\t\t\t\t<\/a>\n\t\t\t\t\t\t\t\t\t<\/li>\n\t\t\t\t\t\t<\/ul>\n\t\t\t\t<\/div>\n\t\t\t\t<\/div>\n\t\t\t\t\t<\/div>\n\t\t<\/div>\n\t\t\t\t\t<\/div>\n\t\t<\/section>\n\t\t\t\t<section class=\"elementor-section elementor-top-section elementor-element elementor-element-3b290e3 elementor-section-boxed elementor-section-height-default elementor-section-height-default\" data-id=\"3b290e3\" data-element_type=\"section\">\n\t\t\t\t\t\t<div class=\"elementor-container elementor-column-gap-default\">\n\t\t\t\t\t<div class=\"elementor-column elementor-col-100 elementor-top-column elementor-element elementor-element-4ae765f\" data-id=\"4ae765f\" data-element_type=\"column\">\n\t\t\t<div class=\"elementor-widget-wrap elementor-element-populated\">\n\t\t\t\t\t\t<div class=\"elementor-element elementor-element-408da06 elementor-widget elementor-widget-houzez_elementor_space\" data-id=\"408da06\" data-element_type=\"widget\" data-widget_type=\"houzez_elementor_space.default\">\n\t\t\t\t<div class=\"elementor-widget-container\">\n\t\t\t        <div class=\"houzez-spacer\">\n            <div class=\"houzez-spacer-inner\"><\/div>\n        <\/div>\n        \t\t<\/div>\n\t\t\t\t<\/div>\n\t\t\t\t\t<\/div>\n\t\t<\/div>\n\t\t\t\t\t<\/div>\n\t\t<\/section>\n\t\t\t\t<\/div>\n\t\t","protected":false},"excerpt":{"rendered":"<p>Contact Us We have a of luxurious homes that are not advertised on the site and are marketed exclusively through us. For more information 054-4208607 lior@shklarsh.com<\/p>\n","protected":false},"author":9,"featured_media":0,"parent":0,"menu_order":0,"comment_status":"closed","ping_status":"closed","template":"elementor_header_footer","meta":{"_monsterinsights_skip_tracking":false,"_monsterinsights_sitenote_active":false,"_monsterinsights_sitenote_note":"","_monsterinsights_sitenote_category":0,"footnotes":""},"class_list":["post-14514","page","type-page","status-publish","hentry"],"yoast_head":"<!-- This site is optimized with the Yoast SEO plugin v27.4 - https:\/\/yoast.com\/product\/yoast-seo-wordpress\/ -->\n<title>Contact us fr - Luxury homes in Savyon | Savyon De-botton<\/title>\n<meta name=\"robots\" content=\"index, follow, max-snippet:-1, max-image-preview:large, max-video-preview:-1\" \/>\n<link rel=\"canonical\" href=\"https:\/\/www.savyonluxuryhomes.co.il\/fr\/contact-us-fr\/\" \/>\n<meta property=\"og:locale\" content=\"fr_FR\" \/>\n<meta property=\"og:type\" content=\"article\" \/>\n<meta property=\"og:title\" content=\"Contact us fr - Luxury homes in Savyon | Savyon De-botton\" \/>\n<meta property=\"og:description\" content=\"Contact Us We have a of luxurious homes that are not advertised on the site and are marketed exclusively through us. For more information 054-4208607 lior@shklarsh.com\" \/>\n<meta property=\"og:url\" content=\"https:\/\/www.savyonluxuryhomes.co.il\/fr\/contact-us-fr\/\" \/>\n<meta property=\"og:site_name\" content=\"Luxury homes in Savyon | Savyon De-botton\" \/>\n<meta property=\"article:modified_time\" content=\"2026-04-14T09:07:54+00:00\" \/>\n<meta property=\"og:image\" content=\"https:\/\/www.savyonluxuryhomes.co.il\/wp-content\/uploads\/2021\/11\/pic-2.jpg\" \/>\n<meta name=\"twitter:card\" content=\"summary_large_image\" \/>\n<meta name=\"twitter:label1\" content=\"Dur\u00e9e de lecture estim\u00e9e\" \/>\n\t<meta name=\"twitter:data1\" content=\"1 minute\" \/>\n<script type=\"application\/ld+json\" class=\"yoast-schema-graph\">{\"@context\":\"https:\\\/\\\/schema.org\",\"@graph\":[{\"@type\":\"WebPage\",\"@id\":\"https:\\\/\\\/www.savyonluxuryhomes.co.il\\\/fr\\\/contact-us-fr\\\/\",\"url\":\"https:\\\/\\\/www.savyonluxuryhomes.co.il\\\/fr\\\/contact-us-fr\\\/\",\"name\":\"Contact us fr - Luxury homes in Savyon | Savyon De-botton\",\"isPartOf\":{\"@id\":\"https:\\\/\\\/www.savyonluxuryhomes.co.il\\\/#website\"},\"primaryImageOfPage\":{\"@id\":\"https:\\\/\\\/www.savyonluxuryhomes.co.il\\\/fr\\\/contact-us-fr\\\/#primaryimage\"},\"image\":{\"@id\":\"https:\\\/\\\/www.savyonluxuryhomes.co.il\\\/fr\\\/contact-us-fr\\\/#primaryimage\"},\"thumbnailUrl\":\"https:\\\/\\\/www.savyonluxuryhomes.co.il\\\/wp-content\\\/uploads\\\/2021\\\/11\\\/pic-2.jpg\",\"datePublished\":\"2021-10-09T14:35:43+00:00\",\"dateModified\":\"2026-04-14T09:07:54+00:00\",\"breadcrumb\":{\"@id\":\"https:\\\/\\\/www.savyonluxuryhomes.co.il\\\/fr\\\/contact-us-fr\\\/#breadcrumb\"},\"inLanguage\":\"fr-FR\",\"potentialAction\":[{\"@type\":\"ReadAction\",\"target\":[\"https:\\\/\\\/www.savyonluxuryhomes.co.il\\\/fr\\\/contact-us-fr\\\/\"]}]},{\"@type\":\"ImageObject\",\"inLanguage\":\"fr-FR\",\"@id\":\"https:\\\/\\\/www.savyonluxuryhomes.co.il\\\/fr\\\/contact-us-fr\\\/#primaryimage\",\"url\":\"https:\\\/\\\/www.savyonluxuryhomes.co.il\\\/wp-content\\\/uploads\\\/2021\\\/11\\\/pic-2.jpg\",\"contentUrl\":\"https:\\\/\\\/www.savyonluxuryhomes.co.il\\\/wp-content\\\/uploads\\\/2021\\\/11\\\/pic-2.jpg\"},{\"@type\":\"BreadcrumbList\",\"@id\":\"https:\\\/\\\/www.savyonluxuryhomes.co.il\\\/fr\\\/contact-us-fr\\\/#breadcrumb\",\"itemListElement\":[{\"@type\":\"ListItem\",\"position\":1,\"name\":\"\u05d3\u05e3 \u05d4\u05d1\u05d9\u05ea\",\"item\":\"https:\\\/\\\/www.savyonluxuryhomes.co.il\\\/\"},{\"@type\":\"ListItem\",\"position\":2,\"name\":\"Contact us fr\"}]},{\"@type\":\"WebSite\",\"@id\":\"https:\\\/\\\/www.savyonluxuryhomes.co.il\\\/#website\",\"url\":\"https:\\\/\\\/www.savyonluxuryhomes.co.il\\\/\",\"name\":\"Luxury homes in Savyon | Savyon De-botton\",\"description\":\"Luxury homes in Savyon - The de-Botton real estate agency in Savyon was founded 45 years ago. Our agency has dominated the local real estate market from the ...\",\"potentialAction\":[{\"@type\":\"SearchAction\",\"target\":{\"@type\":\"EntryPoint\",\"urlTemplate\":\"https:\\\/\\\/www.savyonluxuryhomes.co.il\\\/?s={search_term_string}\"},\"query-input\":{\"@type\":\"PropertyValueSpecification\",\"valueRequired\":true,\"valueName\":\"search_term_string\"}}],\"inLanguage\":\"fr-FR\"}]}<\/script>\n<!-- \/ Yoast SEO plugin. -->","yoast_head_json":{"title":"Contact us fr - Luxury homes in Savyon | Savyon De-botton","robots":{"index":"index","follow":"follow","max-snippet":"max-snippet:-1","max-image-preview":"max-image-preview:large","max-video-preview":"max-video-preview:-1"},"canonical":"https:\/\/www.savyonluxuryhomes.co.il\/fr\/contact-us-fr\/","og_locale":"fr_FR","og_type":"article","og_title":"Contact us fr - Luxury homes in Savyon | Savyon De-botton","og_description":"Contact Us We have a of luxurious homes that are not advertised on the site and are marketed exclusively through us. For more information 054-4208607 lior@shklarsh.com","og_url":"https:\/\/www.savyonluxuryhomes.co.il\/fr\/contact-us-fr\/","og_site_name":"Luxury homes in Savyon | Savyon De-botton","article_modified_time":"2026-04-14T09:07:54+00:00","og_image":[{"url":"https:\/\/www.savyonluxuryhomes.co.il\/wp-content\/uploads\/2021\/11\/pic-2.jpg","type":"","width":"","height":""}],"twitter_card":"summary_large_image","twitter_misc":{"Dur\u00e9e de lecture estim\u00e9e":"1 minute"},"schema":{"@context":"https:\/\/schema.org","@graph":[{"@type":"WebPage","@id":"https:\/\/www.savyonluxuryhomes.co.il\/fr\/contact-us-fr\/","url":"https:\/\/www.savyonluxuryhomes.co.il\/fr\/contact-us-fr\/","name":"Contact us fr - Luxury homes in Savyon | Savyon De-botton","isPartOf":{"@id":"https:\/\/www.savyonluxuryhomes.co.il\/#website"},"primaryImageOfPage":{"@id":"https:\/\/www.savyonluxuryhomes.co.il\/fr\/contact-us-fr\/#primaryimage"},"image":{"@id":"https:\/\/www.savyonluxuryhomes.co.il\/fr\/contact-us-fr\/#primaryimage"},"thumbnailUrl":"https:\/\/www.savyonluxuryhomes.co.il\/wp-content\/uploads\/2021\/11\/pic-2.jpg","datePublished":"2021-10-09T14:35:43+00:00","dateModified":"2026-04-14T09:07:54+00:00","breadcrumb":{"@id":"https:\/\/www.savyonluxuryhomes.co.il\/fr\/contact-us-fr\/#breadcrumb"},"inLanguage":"fr-FR","potentialAction":[{"@type":"ReadAction","target":["https:\/\/www.savyonluxuryhomes.co.il\/fr\/contact-us-fr\/"]}]},{"@type":"ImageObject","inLanguage":"fr-FR","@id":"https:\/\/www.savyonluxuryhomes.co.il\/fr\/contact-us-fr\/#primaryimage","url":"https:\/\/www.savyonluxuryhomes.co.il\/wp-content\/uploads\/2021\/11\/pic-2.jpg","contentUrl":"https:\/\/www.savyonluxuryhomes.co.il\/wp-content\/uploads\/2021\/11\/pic-2.jpg"},{"@type":"BreadcrumbList","@id":"https:\/\/www.savyonluxuryhomes.co.il\/fr\/contact-us-fr\/#breadcrumb","itemListElement":[{"@type":"ListItem","position":1,"name":"\u05d3\u05e3 \u05d4\u05d1\u05d9\u05ea","item":"https:\/\/www.savyonluxuryhomes.co.il\/"},{"@type":"ListItem","position":2,"name":"Contact us fr"}]},{"@type":"WebSite","@id":"https:\/\/www.savyonluxuryhomes.co.il\/#website","url":"https:\/\/www.savyonluxuryhomes.co.il\/","name":"Luxury homes in Savyon | Savyon De-botton","description":"Luxury homes in Savyon - The de-Botton real estate agency in Savyon was founded 45 years ago. Our agency has dominated the local real estate market from the ...","potentialAction":[{"@type":"SearchAction","target":{"@type":"EntryPoint","urlTemplate":"https:\/\/www.savyonluxuryhomes.co.il\/?s={search_term_string}"},"query-input":{"@type":"PropertyValueSpecification","valueRequired":true,"valueName":"search_term_string"}}],"inLanguage":"fr-FR"}]}},"_links":{"self":[{"href":"https:\/\/www.savyonluxuryhomes.co.il\/fr\/wp-json\/wp\/v2\/pages\/14514","targetHints":{"allow":["GET"]}}],"collection":[{"href":"https:\/\/www.savyonluxuryhomes.co.il\/fr\/wp-json\/wp\/v2\/pages"}],"about":[{"href":"https:\/\/www.savyonluxuryhomes.co.il\/fr\/wp-json\/wp\/v2\/types\/page"}],"author":[{"embeddable":true,"href":"https:\/\/www.savyonluxuryhomes.co.il\/fr\/wp-json\/wp\/v2\/users\/9"}],"replies":[{"embeddable":true,"href":"https:\/\/www.savyonluxuryhomes.co.il\/fr\/wp-json\/wp\/v2\/comments?post=14514"}],"version-history":[{"count":10,"href":"https:\/\/www.savyonluxuryhomes.co.il\/fr\/wp-json\/wp\/v2\/pages\/14514\/revisions"}],"predecessor-version":[{"id":16767,"href":"https:\/\/www.savyonluxuryhomes.co.il\/fr\/wp-json\/wp\/v2\/pages\/14514\/revisions\/16767"}],"wp:attachment":[{"href":"https:\/\/www.savyonluxuryhomes.co.il\/fr\/wp-json\/wp\/v2\/media?parent=14514"}],"curies":[{"name":"wp","href":"https:\/\/api.w.org\/{rel}","templated":true}]}}