{"id":14515,"date":"2021-10-18T07:40:34","date_gmt":"2021-10-18T07:40:34","guid":{"rendered":"https:\/\/savyonluxuryhomes.co.il\/?page_id=14515"},"modified":"2024-08-27T13:42:41","modified_gmt":"2024-08-27T13:42:41","slug":"for-rent-in-savyon-fr","status":"publish","type":"page","link":"https:\/\/www.savyonluxuryhomes.co.il\/fr\/for-rent-in-savyon-fr\/","title":{"rendered":"Maisons \u00e0 louer \u00e0 Sabion"},"content":{"rendered":"\t\t<div data-elementor-type=\"wp-page\" data-elementor-id=\"14515\" class=\"elementor elementor-14515\" data-elementor-post-type=\"page\">\n\t\t\t\t\t\t<section class=\"elementor-section elementor-top-section elementor-element elementor-element-dd125b9 elementor-section-boxed elementor-section-height-default elementor-section-height-default\" data-id=\"dd125b9\" data-element_type=\"section\">\n\t\t\t\t\t\t<div class=\"elementor-container elementor-column-gap-default\">\n\t\t\t\t\t<div class=\"elementor-column elementor-col-100 elementor-top-column elementor-element elementor-element-ea0a574\" data-id=\"ea0a574\" data-element_type=\"column\">\n\t\t\t<div class=\"elementor-widget-wrap elementor-element-populated\">\n\t\t\t\t\t\t<div class=\"elementor-element elementor-element-179fd84 elementor-widget elementor-widget-theme-post-title elementor-page-title elementor-widget-heading\" data-id=\"179fd84\" data-element_type=\"widget\" data-widget_type=\"theme-post-title.default\">\n\t\t\t\t<div class=\"elementor-widget-container\">\n\t\t\t<h1 class=\"elementor-heading-title elementor-size-default\">Maisons \u00e0 louer \u00e0 Sabion<\/h1>\t\t<\/div>\n\t\t\t\t<\/div>\n\t\t\t\t<div class=\"elementor-element elementor-element-70194b1 elementor-align-center elementor-widget elementor-widget-breadcrumbs\" data-id=\"70194b1\" data-element_type=\"widget\" data-widget_type=\"breadcrumbs.default\">\n\t\t\t\t<div class=\"elementor-widget-container\">\n\t\t\t<p id=\"breadcrumbs\"><span><span><a href=\"https:\/\/www.savyonluxuryhomes.co.il\/\">\u05d3\u05e3 \u05d4\u05d1\u05d9\u05ea<\/a><\/span><\/span><\/p>\t\t<\/div>\n\t\t\t\t<\/div>\n\t\t\t\t\t<\/div>\n\t\t<\/div>\n\t\t\t\t\t<\/div>\n\t\t<\/section>\n\t\t\t\t<section class=\"elementor-section elementor-top-section elementor-element elementor-element-f2f7860 elementor-section-boxed elementor-section-height-default elementor-section-height-default\" data-id=\"f2f7860\" data-element_type=\"section\">\n\t\t\t\t\t\t<div class=\"elementor-container elementor-column-gap-default\">\n\t\t\t\t\t<div class=\"elementor-column elementor-col-100 elementor-top-column elementor-element elementor-element-97c1db3\" data-id=\"97c1db3\" data-element_type=\"column\">\n\t\t\t<div class=\"elementor-widget-wrap elementor-element-populated\">\n\t\t\t\t\t\t<div class=\"elementor-element elementor-element-b3d2743 elementor-widget elementor-widget-text-editor\" data-id=\"b3d2743\" data-element_type=\"widget\" data-widget_type=\"text-editor.default\">\n\t\t\t\t<div class=\"elementor-widget-container\">\n\t\t\t\t\t\t\t<p><strong>Il n&#8217;y a personne qui ne choisirait pas de vivre dans un endroit o\u00f9 la qualit\u00e9 de vie est excellente, o\u00f9 la vie sociale et communautaire est dynamique, o\u00f9 le lieu fournit tout ce qu&#8217;une personne cherche dans son environnement de r\u00e9sidence pour elle et sa famille, y compris une bonne \u00e9ducation pour ses enfants et de nombreuses structures culturelles. Par cons\u00e9quent, il n&#8217;a m\u00eame pas besoin de sortir, et la verdure qui l&#8217;entoure ne cesse de l&#8217;\u00e9merveiller.<\/strong><\/p>\t\t\t\t\t\t<\/div>\n\t\t\t\t<\/div>\n\t\t\t\t<div class=\"elementor-element elementor-element-bef1b45 elementor-widget elementor-widget-text-editor\" data-id=\"bef1b45\" data-element_type=\"widget\" data-widget_type=\"text-editor.default\">\n\t\t\t\t<div class=\"elementor-widget-container\">\n\t\t\t\t\t\t\tSavyon est une localit\u00e9 qui peut offrir \u00e0 une famille tout ce qu&#8217;elle demande et plus encore. Ces derni\u00e8res ann\u00e9es, Savyon a accueilli de jeunes familles qui ont rajeuni la localit\u00e9. Le village est anim\u00e9 par des jardins d&#8217;enfants, des structures culturelles et \u00e9ducatives de premier ordre. \u00c0 Savyon, vous pouvez louer une villa charmante et vivre la vie que vous aspirez vraiment \u00e0 vivre et offrir \u00e0 vos enfants.\n<h2><strong>Maisons \u00e0 louer \u00e0 Savyon \u2013 Ressentez la propri\u00e9t\u00e9<\/strong><\/h2>\n\nSavyon est un quartier o\u00f9 tout investissement est judicieux. Il s&#8217;agit de l&#8217;une des localit\u00e9s du centre qui poss\u00e8de le plus de poumons verts et de jardins dans la localit\u00e9. Tous les logements sur place sont des maisons individuelles, et vous pouvez d\u00e9couvrir une vari\u00e9t\u00e9 de maisons avec de grands jardins et terrains. Les maisons sont luxueuses et les villas sont somptueuses et spacieuses, et il y a des cottages \u00e0 louer \u00e0 Savyon qui comprennent \u00e9galement une piscine. Il est possible de trouver des cottages \u00e0 louer \u00e0 Savyon qui sont \u00e9galement disponibles \u00e0 l&#8217;achat. Tout investissement dans le logement dans ce quartier de luxe se rembourse par l&#8217;excellente \u00e9ducation et la culture qui sont transmises aux enfants et sont incomparables.\n<h2><strong>\u00c9ducation, culture et sport<\/strong><\/h2>\n\nLe quartier a subi un processus de rajeunissement et abrite de nombreuses jeunes familles avec enfants. C&#8217;est pourquoi vous pouvez trouver de nombreux jardins d&#8217;enfants, sept jardins de conseil, des jardins priv\u00e9s et une \u00e9cole de neuf ans incluant un coll\u00e8ge. L&#8217;\u00e9ducation est une priorit\u00e9 absolue et les parents y contribuent et y sont tr\u00e8s impliqu\u00e9s. Les classes sont petites pour accorder \u00e0 chaque enfant l&#8217;attention n\u00e9cessaire. L&#8217;investissement dans chaque enfant est important ; il y a des cours qui discutent de l&#8217;engagement social et incitent les enfants de la localit\u00e9 \u00e0 prendre des responsabilit\u00e9s et \u00e0 apprendre des valeurs importantes pour la vie sociale et fraternelle. L&#8217;\u00e9ducation au sport est \u00e9galement mise en avant, avec de nombreux gymnases et terrains de football, ainsi que diverses activit\u00e9s sportives. Il y a une tribu de scouts o\u00f9 les parents sont \u00e9galement actifs. La localit\u00e9 dispose d&#8217;une maison de la culture proposant diverses activit\u00e9s culturelles, des th\u00e9\u00e2tres, des cin\u00e9mas, des clubs et des conf\u00e9rences pour tous les \u00e2ges \u00e0 Savyon.\n<h2><strong>Tout en un seul endroit<\/strong><\/h2>\n\nIl est important de comprendre que Savyon a chang\u00e9. Autrefois, elle \u00e9tait d\u00e9j\u00e0 un lieu unique et prestigieux, mais aujourd&#8217;hui, elle est dynamique et active, id\u00e9ale pour \u00e9lever des enfants en leur offrant tout ce dont ils ont besoin ! Il n&#8217;est pas n\u00e9cessaire de quitter la localit\u00e9, tout est ici. Les excellents cadres \u00e9ducatifs, la vie enrichissante diversifi\u00e9e, les cin\u00e9mas, les th\u00e9\u00e2tres, les terrains de football, deux synagogues (ashk\u00e9naze et s\u00e9farade) ainsi que les bons restaurants et caf\u00e9s qui ont ouvert en raison de la demande.\n\n<strong>Pour profiter de toute cette abondance, vous pouvez faire appel \u00e0 l&#8217;agence immobili\u00e8re De Bouton, dirig\u00e9e par Lior Shekler, la plus ancienne, fiable et exp\u00e9riment\u00e9e agence de Savyon depuis des d\u00e9cennies. Nous proposons des <a href=\"https:\/\/www.savyonluxuryhomes.co.il\/%d7%91%d7%aa%d7%99%d7%9d-%d7%9c%d7%9e%d7%9b%d7%99%d7%a8%d7%94-%d7%91%d7%a1%d7%91%d7%99%d7%95%d7%9f\/\">maisons \u00e0 vendre \u00e0 Savyon<\/a>, des maisons \u00e0 louer \u00e0 Savyon de mani\u00e8re discr\u00e8te et professionnelle.<\/strong>\n\n<strong>Pour plus de d\u00e9tails, contactez-nous<\/strong>\t\t\t\t\t\t<\/div>\n\t\t\t\t<\/div>\n\t\t\t\t\t<\/div>\n\t\t<\/div>\n\t\t\t\t\t<\/div>\n\t\t<\/section>\n\t\t\t\t<\/div>\n\t\t","protected":false},"excerpt":{"rendered":"<p>Il n&#8217;y a personne qui ne choisirait pas de vivre dans un endroit o\u00f9 la qualit\u00e9 de vie est excellente, o\u00f9 la vie sociale et communautaire est dynamique, o\u00f9 le lieu fournit tout ce qu&#8217;une personne cherche dans son environnement de r\u00e9sidence pour elle et sa famille, y compris une bonne \u00e9ducation pour ses enfants [&hellip;]<\/p>\n","protected":false},"author":9,"featured_media":0,"parent":0,"menu_order":0,"comment_status":"closed","ping_status":"closed","template":"elementor_header_footer","meta":{"_monsterinsights_skip_tracking":false,"_monsterinsights_sitenote_active":false,"_monsterinsights_sitenote_note":"","_monsterinsights_sitenote_category":0,"footnotes":""},"class_list":["post-14515","page","type-page","status-publish","hentry"],"yoast_head":"<!-- This site is optimized with the Yoast SEO plugin v27.4 - https:\/\/yoast.com\/product\/yoast-seo-wordpress\/ -->\n<title>Maisons \u00e0 louer \u00e0 Savyon- Courtage Savyon de Botton<\/title>\n<meta name=\"description\" content=\"Maisons \u00e0 louer \u00e0 Savyon - Immobilier de luxe. D\u00e9couvrez les propri\u00e9t\u00e9s les plus prestigieuses et exclusives \u00e0 louer \u00e0 Savyon\" \/>\n<meta name=\"robots\" content=\"index, follow, max-snippet:-1, max-image-preview:large, max-video-preview:-1\" \/>\n<link rel=\"canonical\" href=\"https:\/\/www.savyonluxuryhomes.co.il\/fr\/for-rent-in-savyon-fr\/\" \/>\n<meta property=\"og:locale\" content=\"fr_FR\" \/>\n<meta property=\"og:type\" content=\"article\" \/>\n<meta property=\"og:title\" content=\"Maisons \u00e0 louer \u00e0 Savyon- Courtage Savyon de Botton\" \/>\n<meta property=\"og:description\" content=\"Maisons \u00e0 louer \u00e0 Savyon - Immobilier de luxe. D\u00e9couvrez les propri\u00e9t\u00e9s les plus prestigieuses et exclusives \u00e0 louer \u00e0 Savyon\" \/>\n<meta property=\"og:url\" content=\"https:\/\/www.savyonluxuryhomes.co.il\/fr\/for-rent-in-savyon-fr\/\" \/>\n<meta property=\"og:site_name\" content=\"Luxury homes in Savyon | Savyon De-botton\" \/>\n<meta property=\"article:modified_time\" content=\"2024-08-27T13:42:41+00:00\" \/>\n<meta name=\"twitter:card\" content=\"summary_large_image\" \/>\n<meta name=\"twitter:label1\" content=\"Dur\u00e9e de lecture estim\u00e9e\" \/>\n\t<meta name=\"twitter:data1\" content=\"3 minutes\" \/>\n<script type=\"application\/ld+json\" class=\"yoast-schema-graph\">{\"@context\":\"https:\\\/\\\/schema.org\",\"@graph\":[{\"@type\":\"WebPage\",\"@id\":\"https:\\\/\\\/www.savyonluxuryhomes.co.il\\\/fr\\\/for-rent-in-savyon-fr\\\/\",\"url\":\"https:\\\/\\\/www.savyonluxuryhomes.co.il\\\/fr\\\/for-rent-in-savyon-fr\\\/\",\"name\":\"Maisons \u00e0 louer \u00e0 Savyon- Courtage Savyon de Botton\",\"isPartOf\":{\"@id\":\"https:\\\/\\\/www.savyonluxuryhomes.co.il\\\/#website\"},\"datePublished\":\"2021-10-18T07:40:34+00:00\",\"dateModified\":\"2024-08-27T13:42:41+00:00\",\"description\":\"Maisons \u00e0 louer \u00e0 Savyon - Immobilier de luxe. D\u00e9couvrez les propri\u00e9t\u00e9s les plus prestigieuses et exclusives \u00e0 louer \u00e0 Savyon\",\"breadcrumb\":{\"@id\":\"https:\\\/\\\/www.savyonluxuryhomes.co.il\\\/fr\\\/for-rent-in-savyon-fr\\\/#breadcrumb\"},\"inLanguage\":\"fr-FR\",\"potentialAction\":[{\"@type\":\"ReadAction\",\"target\":[\"https:\\\/\\\/www.savyonluxuryhomes.co.il\\\/fr\\\/for-rent-in-savyon-fr\\\/\"]}]},{\"@type\":\"BreadcrumbList\",\"@id\":\"https:\\\/\\\/www.savyonluxuryhomes.co.il\\\/fr\\\/for-rent-in-savyon-fr\\\/#breadcrumb\",\"itemListElement\":[{\"@type\":\"ListItem\",\"position\":1,\"name\":\"\u05d3\u05e3 \u05d4\u05d1\u05d9\u05ea\",\"item\":\"https:\\\/\\\/www.savyonluxuryhomes.co.il\\\/\"},{\"@type\":\"ListItem\",\"position\":2,\"name\":\"Maisons \u00e0 louer \u00e0 Sabion\"}]},{\"@type\":\"WebSite\",\"@id\":\"https:\\\/\\\/www.savyonluxuryhomes.co.il\\\/#website\",\"url\":\"https:\\\/\\\/www.savyonluxuryhomes.co.il\\\/\",\"name\":\"Luxury homes in Savyon | Savyon De-botton\",\"description\":\"Luxury homes in Savyon - The de-Botton real estate agency in Savyon was founded 45 years ago. Our agency has dominated the local real estate market from the ...\",\"potentialAction\":[{\"@type\":\"SearchAction\",\"target\":{\"@type\":\"EntryPoint\",\"urlTemplate\":\"https:\\\/\\\/www.savyonluxuryhomes.co.il\\\/?s={search_term_string}\"},\"query-input\":{\"@type\":\"PropertyValueSpecification\",\"valueRequired\":true,\"valueName\":\"search_term_string\"}}],\"inLanguage\":\"fr-FR\"}]}<\/script>\n<!-- \/ Yoast SEO plugin. -->","yoast_head_json":{"title":"Maisons \u00e0 louer \u00e0 Savyon- Courtage Savyon de Botton","description":"Maisons \u00e0 louer \u00e0 Savyon - Immobilier de luxe. D\u00e9couvrez les propri\u00e9t\u00e9s les plus prestigieuses et exclusives \u00e0 louer \u00e0 Savyon","robots":{"index":"index","follow":"follow","max-snippet":"max-snippet:-1","max-image-preview":"max-image-preview:large","max-video-preview":"max-video-preview:-1"},"canonical":"https:\/\/www.savyonluxuryhomes.co.il\/fr\/for-rent-in-savyon-fr\/","og_locale":"fr_FR","og_type":"article","og_title":"Maisons \u00e0 louer \u00e0 Savyon- Courtage Savyon de Botton","og_description":"Maisons \u00e0 louer \u00e0 Savyon - Immobilier de luxe. D\u00e9couvrez les propri\u00e9t\u00e9s les plus prestigieuses et exclusives \u00e0 louer \u00e0 Savyon","og_url":"https:\/\/www.savyonluxuryhomes.co.il\/fr\/for-rent-in-savyon-fr\/","og_site_name":"Luxury homes in Savyon | Savyon De-botton","article_modified_time":"2024-08-27T13:42:41+00:00","twitter_card":"summary_large_image","twitter_misc":{"Dur\u00e9e de lecture estim\u00e9e":"3 minutes"},"schema":{"@context":"https:\/\/schema.org","@graph":[{"@type":"WebPage","@id":"https:\/\/www.savyonluxuryhomes.co.il\/fr\/for-rent-in-savyon-fr\/","url":"https:\/\/www.savyonluxuryhomes.co.il\/fr\/for-rent-in-savyon-fr\/","name":"Maisons \u00e0 louer \u00e0 Savyon- Courtage Savyon de Botton","isPartOf":{"@id":"https:\/\/www.savyonluxuryhomes.co.il\/#website"},"datePublished":"2021-10-18T07:40:34+00:00","dateModified":"2024-08-27T13:42:41+00:00","description":"Maisons \u00e0 louer \u00e0 Savyon - Immobilier de luxe. D\u00e9couvrez les propri\u00e9t\u00e9s les plus prestigieuses et exclusives \u00e0 louer \u00e0 Savyon","breadcrumb":{"@id":"https:\/\/www.savyonluxuryhomes.co.il\/fr\/for-rent-in-savyon-fr\/#breadcrumb"},"inLanguage":"fr-FR","potentialAction":[{"@type":"ReadAction","target":["https:\/\/www.savyonluxuryhomes.co.il\/fr\/for-rent-in-savyon-fr\/"]}]},{"@type":"BreadcrumbList","@id":"https:\/\/www.savyonluxuryhomes.co.il\/fr\/for-rent-in-savyon-fr\/#breadcrumb","itemListElement":[{"@type":"ListItem","position":1,"name":"\u05d3\u05e3 \u05d4\u05d1\u05d9\u05ea","item":"https:\/\/www.savyonluxuryhomes.co.il\/"},{"@type":"ListItem","position":2,"name":"Maisons \u00e0 louer \u00e0 Sabion"}]},{"@type":"WebSite","@id":"https:\/\/www.savyonluxuryhomes.co.il\/#website","url":"https:\/\/www.savyonluxuryhomes.co.il\/","name":"Luxury homes in Savyon | Savyon De-botton","description":"Luxury homes in Savyon - The de-Botton real estate agency in Savyon was founded 45 years ago. Our agency has dominated the local real estate market from the ...","potentialAction":[{"@type":"SearchAction","target":{"@type":"EntryPoint","urlTemplate":"https:\/\/www.savyonluxuryhomes.co.il\/?s={search_term_string}"},"query-input":{"@type":"PropertyValueSpecification","valueRequired":true,"valueName":"search_term_string"}}],"inLanguage":"fr-FR"}]}},"_links":{"self":[{"href":"https:\/\/www.savyonluxuryhomes.co.il\/fr\/wp-json\/wp\/v2\/pages\/14515","targetHints":{"allow":["GET"]}}],"collection":[{"href":"https:\/\/www.savyonluxuryhomes.co.il\/fr\/wp-json\/wp\/v2\/pages"}],"about":[{"href":"https:\/\/www.savyonluxuryhomes.co.il\/fr\/wp-json\/wp\/v2\/types\/page"}],"author":[{"embeddable":true,"href":"https:\/\/www.savyonluxuryhomes.co.il\/fr\/wp-json\/wp\/v2\/users\/9"}],"replies":[{"embeddable":true,"href":"https:\/\/www.savyonluxuryhomes.co.il\/fr\/wp-json\/wp\/v2\/comments?post=14515"}],"version-history":[{"count":11,"href":"https:\/\/www.savyonluxuryhomes.co.il\/fr\/wp-json\/wp\/v2\/pages\/14515\/revisions"}],"predecessor-version":[{"id":16005,"href":"https:\/\/www.savyonluxuryhomes.co.il\/fr\/wp-json\/wp\/v2\/pages\/14515\/revisions\/16005"}],"wp:attachment":[{"href":"https:\/\/www.savyonluxuryhomes.co.il\/fr\/wp-json\/wp\/v2\/media?parent=14515"}],"curies":[{"name":"wp","href":"https:\/\/api.w.org\/{rel}","templated":true}]}}